{"id":6570,"date":"2024-03-14T20:17:02","date_gmt":"2024-03-14T20:17:02","guid":{"rendered":"https:\/\/bazz.ca\/product\/bazz-disc-4-antireflet-emplacement-humide-1000-lumens-3000k\/"},"modified":"2025-03-21T19:47:02","modified_gmt":"2025-03-21T19:47:02","slug":"bazz-disc-4-antireflet-emplacement-humide-1000-lumens-3000k","status":"publish","type":"product","link":"https:\/\/bazz.ca\/ca_FR\/produit\/bazz-disc-4-antireflet-emplacement-humide-1000-lumens-3000k\/","title":{"rendered":"Encastr\u00e9 4&#8243; Anti-reflet Emplacement Humide 1000 Lumens 3000K"},"content":{"rendered":"<p>Ce BAZZ DISK 4 &#8220;Anti-glare COB LED Downglight 1000 lumens 3000k est un luminaire encastr\u00e9 \u00e0 LED compl\u00e8tement int\u00e9gr\u00e9 et dimmable (compatible avec la plupart des dimmers).plafond isol\u00e9 pour un contact direct avec l&#8217;isolation.pour toutes les applications int\u00e9rieures et ext\u00e9rieures.convient pour les endroits humides.<\/p>\n<ul>\n<li>adapt\u00e9 aux endroits humides<\/li>\n<li>int\u00e9rieur \/ ext\u00e9rieur<\/li>\n<li>Dur\u00e9e de vie de 30000 heures<\/li>\n<li>Intensit\u00e9 variable<\/li>\n<li>Temp\u00e9rature de couleur : 3000 K (blanc doux)<\/li>\n<li>Pour les nouvelles constructions, la r\u00e9novation et les plafonds isol\u00e9s<\/li>\n<li>Installation facile<\/li>\n<\/ul>\n","protected":false},"excerpt":{"rendered":"<p>Ce LED COB anti-blouissant 4&#8243; 1000 lumens 3000k est un luminaire encastr\u00e9 LED enti\u00e8rement int\u00e9gr\u00e9 et \u00e0 intensit\u00e9 variable (compatible avec la plupart des variateurs).<\/p>\n","protected":false},"featured_media":8093,"comment_status":"open","ping_status":"closed","template":"","meta":{"_acf_changed":false},"product_brand":[],"product_cat":[474,365],"product_tag":[],"class_list":{"0":"post-6570","1":"product","2":"type-product","3":"status-publish","4":"has-post-thumbnail","6":"product_cat-3000k-ca_fr","7":"product_cat-luminaires-encastres-ca_fr","9":"first","10":"outofstock","11":"taxable","12":"shipping-taxable","13":"purchasable","14":"product-type-simple"},"acf":[],"_links":{"self":[{"href":"https:\/\/bazz.ca\/ca_FR\/wp-json\/wp\/v2\/product\/6570","targetHints":{"allow":["GET"]}}],"collection":[{"href":"https:\/\/bazz.ca\/ca_FR\/wp-json\/wp\/v2\/product"}],"about":[{"href":"https:\/\/bazz.ca\/ca_FR\/wp-json\/wp\/v2\/types\/product"}],"replies":[{"embeddable":true,"href":"https:\/\/bazz.ca\/ca_FR\/wp-json\/wp\/v2\/comments?post=6570"}],"wp:featuredmedia":[{"embeddable":true,"href":"https:\/\/bazz.ca\/ca_FR\/wp-json\/wp\/v2\/media\/8093"}],"wp:attachment":[{"href":"https:\/\/bazz.ca\/ca_FR\/wp-json\/wp\/v2\/media?parent=6570"}],"wp:term":[{"taxonomy":"product_brand","embeddable":true,"href":"https:\/\/bazz.ca\/ca_FR\/wp-json\/wp\/v2\/product_brand?post=6570"},{"taxonomy":"product_cat","embeddable":true,"href":"https:\/\/bazz.ca\/ca_FR\/wp-json\/wp\/v2\/product_cat?post=6570"},{"taxonomy":"product_tag","embeddable":true,"href":"https:\/\/bazz.ca\/ca_FR\/wp-json\/wp\/v2\/product_tag?post=6570"}],"curies":[{"name":"wp","href":"https:\/\/api.w.org\/{rel}","templated":true}]}}