{"id":6564,"date":"2024-03-14T20:17:02","date_gmt":"2024-03-14T20:17:02","guid":{"rendered":"https:\/\/bazz.ca\/product\/bazz-6-%c2%bc-po-luminaire-encastre-led-integre-3000k\/"},"modified":"2025-03-21T19:50:42","modified_gmt":"2025-03-21T19:50:42","slug":"bazz-6-%c2%bc-po-luminaire-encastre-led-integre-3000k","status":"publish","type":"product","link":"https:\/\/bazz.ca\/ca_FR\/produit\/bazz-6-%c2%bc-po-luminaire-encastre-led-integre-3000k\/","title":{"rendered":"BAZZ 6 \u00bc po. Luminaire encastr\u00e9 LED int\u00e9gr\u00e9 3000K"},"content":{"rendered":"<p>Ce luminaire encastr\u00e9 LED int\u00e9gr\u00e9 de BAZZ est la solution d&#8217;\u00e9clairage id\u00e9ale pour tout projet. Parfaits pour n&#8217;importe quelle pi\u00e8ce de votre maison, ces luminaires encastr\u00e9s comprennent des LED int\u00e9gr\u00e9es qui offrent une puissance lumineuse de 1 000 lumens et sont enti\u00e8rement \u00e0 intensit\u00e9 variable. Parfaits pour une r\u00e9novation ou une nouvelle construction et avec une dur\u00e9e de vie de 30 000 heures, ces luminaires LED encastr\u00e9s apporteront \u00e0 votre maison le m\u00e9lange parfait de style et de fonctionnalit\u00e9 pour les ann\u00e9es \u00e0 venir.<\/p>\n<ul>\n<li>1000 Lumens<\/li>\n<li>int\u00e9rieur \/ ext\u00e9rieur<\/li>\n<li>Herm\u00e9tique<\/li>\n<li>Intensit\u00e9 variable<\/li>\n<li>Convient aux endroits humides.<\/li>\n<li>Installation facile<\/li>\n<\/ul>\n","protected":false},"excerpt":{"rendered":"<p>Ce luminaire encastr\u00e9 LED int\u00e9gr\u00e9 de BAZZ est la solution d&#8217;\u00e9clairage id\u00e9ale pour tout projet.<\/p>\n","protected":false},"featured_media":7989,"comment_status":"open","ping_status":"closed","template":"","meta":{"_acf_changed":false},"product_brand":[],"product_cat":[474,365],"product_tag":[],"class_list":{"0":"post-6564","1":"product","2":"type-product","3":"status-publish","4":"has-post-thumbnail","6":"product_cat-3000k-ca_fr","7":"product_cat-luminaires-encastres-ca_fr","9":"first","10":"outofstock","11":"taxable","12":"shipping-taxable","13":"purchasable","14":"product-type-simple"},"acf":[],"_links":{"self":[{"href":"https:\/\/bazz.ca\/ca_FR\/wp-json\/wp\/v2\/product\/6564","targetHints":{"allow":["GET"]}}],"collection":[{"href":"https:\/\/bazz.ca\/ca_FR\/wp-json\/wp\/v2\/product"}],"about":[{"href":"https:\/\/bazz.ca\/ca_FR\/wp-json\/wp\/v2\/types\/product"}],"replies":[{"embeddable":true,"href":"https:\/\/bazz.ca\/ca_FR\/wp-json\/wp\/v2\/comments?post=6564"}],"wp:featuredmedia":[{"embeddable":true,"href":"https:\/\/bazz.ca\/ca_FR\/wp-json\/wp\/v2\/media\/7989"}],"wp:attachment":[{"href":"https:\/\/bazz.ca\/ca_FR\/wp-json\/wp\/v2\/media?parent=6564"}],"wp:term":[{"taxonomy":"product_brand","embeddable":true,"href":"https:\/\/bazz.ca\/ca_FR\/wp-json\/wp\/v2\/product_brand?post=6564"},{"taxonomy":"product_cat","embeddable":true,"href":"https:\/\/bazz.ca\/ca_FR\/wp-json\/wp\/v2\/product_cat?post=6564"},{"taxonomy":"product_tag","embeddable":true,"href":"https:\/\/bazz.ca\/ca_FR\/wp-json\/wp\/v2\/product_tag?post=6564"}],"curies":[{"name":"wp","href":"https:\/\/api.w.org\/{rel}","templated":true}]}}