{"id":6311,"date":"2024-03-14T16:02:12","date_gmt":"2024-03-14T16:02:12","guid":{"rendered":"https:\/\/bazz.ca\/product\/plafonnier-led-a-5-lumieres-en-verre-givre-bazz\/"},"modified":"2025-03-21T19:18:36","modified_gmt":"2025-03-21T19:18:36","slug":"plafonnier-led-a-5-lumieres-en-verre-givre-bazz","status":"publish","type":"product","link":"https:\/\/bazz.ca\/ca_FR\/produit\/plafonnier-led-a-5-lumieres-en-verre-givre-bazz\/","title":{"rendered":"Plafonnier LED \u00e0 5 lumi\u00e8res en verre givr\u00e9 BAZZ"},"content":{"rendered":"<p>Ce superbe plafonnier encastr\u00e9 de BAZZ sera la pi\u00e8ce ma\u00eetresse de n&#8217;importe quelle pi\u00e8ce de votre maison. Dot\u00e9 d&#8217;un diffuseur en verre d\u00e9poli et d&#8217;une superbe construction en verre pyramidal, ce plafonnier est le summum de la classe. Les ampoules LED G9 incluses ont une dur\u00e9e de vie de 30000 heures, vous pouvez donc \u00eatre s\u00fbr que cette pi\u00e8ce sera un \u00e9l\u00e9ment incontournable de votre maison pour les ann\u00e9es \u00e0 venir.<\/p>\n<ul>\n<li>Comprend cinq ampoules LED G9 de 8 W<\/li>\n<li>Temp\u00e9rature de couleur 2700K<\/li>\n<li>Dur\u00e9e de vie de l&#8217;ampoule de 30000 heures<\/li>\n<li>Gradable &#8211; gradation sans scintillement<\/li>\n<li>Dimensions: 12 pouces diam\u00e8tre 6,5 pouces de hauteur<\/li>\n<li>Mat\u00e9riel inclus<\/li>\n<li>Installation facile<\/li>\n<\/ul>\n","protected":false},"excerpt":{"rendered":"<p>Ce superbe plafonnier encastr\u00e9 de BAZZ sera la pi\u00e8ce ma\u00eetresse de n&#8217;importe quelle pi\u00e8ce de votre maison.<\/p>\n","protected":false},"featured_media":7218,"comment_status":"open","ping_status":"closed","template":"","meta":{"_acf_changed":false},"product_brand":[],"product_cat":[395,404],"product_tag":[],"class_list":{"0":"post-6311","1":"product","2":"type-product","3":"status-publish","4":"has-post-thumbnail","6":"product_cat-plafonniers-ca_fr","7":"product_cat-plafonniers-ca_fr-2","9":"first","10":"outofstock","11":"taxable","12":"shipping-taxable","13":"purchasable","14":"product-type-simple"},"acf":[],"_links":{"self":[{"href":"https:\/\/bazz.ca\/ca_FR\/wp-json\/wp\/v2\/product\/6311","targetHints":{"allow":["GET"]}}],"collection":[{"href":"https:\/\/bazz.ca\/ca_FR\/wp-json\/wp\/v2\/product"}],"about":[{"href":"https:\/\/bazz.ca\/ca_FR\/wp-json\/wp\/v2\/types\/product"}],"replies":[{"embeddable":true,"href":"https:\/\/bazz.ca\/ca_FR\/wp-json\/wp\/v2\/comments?post=6311"}],"wp:featuredmedia":[{"embeddable":true,"href":"https:\/\/bazz.ca\/ca_FR\/wp-json\/wp\/v2\/media\/7218"}],"wp:attachment":[{"href":"https:\/\/bazz.ca\/ca_FR\/wp-json\/wp\/v2\/media?parent=6311"}],"wp:term":[{"taxonomy":"product_brand","embeddable":true,"href":"https:\/\/bazz.ca\/ca_FR\/wp-json\/wp\/v2\/product_brand?post=6311"},{"taxonomy":"product_cat","embeddable":true,"href":"https:\/\/bazz.ca\/ca_FR\/wp-json\/wp\/v2\/product_cat?post=6311"},{"taxonomy":"product_tag","embeddable":true,"href":"https:\/\/bazz.ca\/ca_FR\/wp-json\/wp\/v2\/product_tag?post=6311"}],"curies":[{"name":"wp","href":"https:\/\/api.w.org\/{rel}","templated":true}]}}