{"id":6308,"date":"2024-03-14T16:02:12","date_gmt":"2024-03-14T16:02:12","guid":{"rendered":"https:\/\/bazz.ca\/product\/plafonnier-rechargeable-a-detecteur-de-mouvement-bazz\/"},"modified":"2025-03-21T19:25:33","modified_gmt":"2025-03-21T19:25:33","slug":"plafonnier-rechargeable-a-detecteur-de-mouvement-bazz","status":"publish","type":"product","link":"https:\/\/bazz.ca\/ca_FR\/produit\/plafonnier-rechargeable-a-detecteur-de-mouvement-bazz\/","title":{"rendered":"Plafonnier rechargeable \u00e0 d\u00e9tecteur de mouvement BAZZ"},"content":{"rendered":"<p>Illuminez vos espaces sans effort avec notre plafonnier rechargeable \u00e0 d\u00e9tecteur de mouvement. Parfait pour les armoires, les \u00e9tag\u00e8res et les placards, son installation magn\u00e9tique avec capteur de mouvement PIR et ses 120 lumens de lumi\u00e8re 4000K apportent commodit\u00e9 et luminosit\u00e9. Avec une batterie de 1000 mAh et une faible puissance de 2,5W, il est efficace et \u00e9l\u00e9gant.<\/p>\n<ul>\n<li>Con\u00e7u pour les armoires, les \u00e9tag\u00e8res, les biblioth\u00e8ques, les placards, etc.<\/li>\n<li>Capteur de mouvement PIR et capteur de lumi\u00e8re<\/li>\n<li>Installation magn\u00e9tique<\/li>\n<li>Luminosit\u00e9 : 120 lumens<\/li>\n<li>Couleur de la lumi\u00e8re : 4000K<\/li>\n<li>Wattage: 2.5W<\/li>\n<li>Entr\u00e9e nominale : DC5V<\/li>\n<li>Capacit\u00e9 de la batterie : 1000 mAh<\/li>\n<\/ul>\n","protected":false},"excerpt":{"rendered":"<p>Illuminez vos espaces sans effort avec notre plafonnier rechargeable \u00e0 d\u00e9tecteur de mouvement.<\/p>\n","protected":false},"featured_media":7497,"comment_status":"open","ping_status":"closed","template":"","meta":{"_acf_changed":false},"product_brand":[],"product_cat":[395,404],"product_tag":[],"class_list":{"0":"post-6308","1":"product","2":"type-product","3":"status-publish","4":"has-post-thumbnail","6":"product_cat-plafonniers-ca_fr","7":"product_cat-plafonniers-ca_fr-2","9":"first","10":"outofstock","11":"taxable","12":"shipping-taxable","13":"purchasable","14":"product-type-simple"},"acf":[],"_links":{"self":[{"href":"https:\/\/bazz.ca\/ca_FR\/wp-json\/wp\/v2\/product\/6308","targetHints":{"allow":["GET"]}}],"collection":[{"href":"https:\/\/bazz.ca\/ca_FR\/wp-json\/wp\/v2\/product"}],"about":[{"href":"https:\/\/bazz.ca\/ca_FR\/wp-json\/wp\/v2\/types\/product"}],"replies":[{"embeddable":true,"href":"https:\/\/bazz.ca\/ca_FR\/wp-json\/wp\/v2\/comments?post=6308"}],"wp:featuredmedia":[{"embeddable":true,"href":"https:\/\/bazz.ca\/ca_FR\/wp-json\/wp\/v2\/media\/7497"}],"wp:attachment":[{"href":"https:\/\/bazz.ca\/ca_FR\/wp-json\/wp\/v2\/media?parent=6308"}],"wp:term":[{"taxonomy":"product_brand","embeddable":true,"href":"https:\/\/bazz.ca\/ca_FR\/wp-json\/wp\/v2\/product_brand?post=6308"},{"taxonomy":"product_cat","embeddable":true,"href":"https:\/\/bazz.ca\/ca_FR\/wp-json\/wp\/v2\/product_cat?post=6308"},{"taxonomy":"product_tag","embeddable":true,"href":"https:\/\/bazz.ca\/ca_FR\/wp-json\/wp\/v2\/product_tag?post=6308"}],"curies":[{"name":"wp","href":"https:\/\/api.w.org\/{rel}","templated":true}]}}