{"id":6305,"date":"2024-03-14T16:02:12","date_gmt":"2024-03-14T16:02:12","guid":{"rendered":"https:\/\/bazz.ca\/product\/bazz-solas-panneau-de-plafond-led-encastre-blanc-de-14-pouces\/"},"modified":"2025-03-21T19:21:44","modified_gmt":"2025-03-21T19:21:44","slug":"bazz-solas-panneau-de-plafond-led-encastre-blanc-de-14-pouces","status":"publish","type":"product","link":"https:\/\/bazz.ca\/ca_FR\/produit\/bazz-solas-panneau-de-plafond-led-encastre-blanc-de-14-pouces\/","title":{"rendered":"BAZZ Solas Panneau de plafond LED encastr\u00e9 blanc de 14 pouces"},"content":{"rendered":"<p>Ce panneau de plafond encastr\u00e9 de BAZZ offre une touche \u00e9l\u00e9gante et subtile \u00e0 n&#8217;importe quelle pi\u00e8ce de votre maison. Dot\u00e9 d&#8217;un abat-jour en acrylique blanc et d&#8217;une base en chrome bross\u00e9, ce plafonnier de 13 pouces de diam\u00e8tre est le m\u00e9lange parfait de style et de fonctionnalit\u00e9. Dot\u00e9 de la technologie LED int\u00e9gr\u00e9e avec une dur\u00e9e de vie de 30 000 heures et une puissance lumineuse de 1 700 lumens, vous pouvez \u00eatre s\u00fbr que votre pi\u00e8ce pr\u00e9f\u00e9r\u00e9e sera remplie de lumi\u00e8re chaude pour les ann\u00e9es \u00e0 venir.<\/p>\n<ul>\n<li>Comprend une LED int\u00e9gr\u00e9e de 24 W (1 700 lumens)<\/li>\n<li>ETL<\/li>\n<li>Dur\u00e9e de vie de 30000 heures<\/li>\n<li>Gradable &#8211; gradation sans scintillement<\/li>\n<li>Certifi\u00e9 Energy Star<\/li>\n<li>Temp\u00e9rature de couleur : 3000 K (blanc doux)<\/li>\n<li>Mat\u00e9riel inclus<\/li>\n<li>Installation facile<\/li>\n<\/ul>\n","protected":false},"excerpt":{"rendered":"<p>Ce panneau de plafond encastr\u00e9 de BAZZ offre une touche \u00e9l\u00e9gante et subtile \u00e0 n&#8217;importe quelle pi\u00e8ce de votre maison.<\/p>\n","protected":false},"featured_media":7537,"comment_status":"open","ping_status":"closed","template":"","meta":{"_acf_changed":false},"product_brand":[],"product_cat":[395,404],"product_tag":[],"class_list":{"0":"post-6305","1":"product","2":"type-product","3":"status-publish","4":"has-post-thumbnail","6":"product_cat-plafonniers-ca_fr","7":"product_cat-plafonniers-ca_fr-2","9":"first","10":"outofstock","11":"taxable","12":"shipping-taxable","13":"purchasable","14":"product-type-simple"},"acf":[],"_links":{"self":[{"href":"https:\/\/bazz.ca\/ca_FR\/wp-json\/wp\/v2\/product\/6305","targetHints":{"allow":["GET"]}}],"collection":[{"href":"https:\/\/bazz.ca\/ca_FR\/wp-json\/wp\/v2\/product"}],"about":[{"href":"https:\/\/bazz.ca\/ca_FR\/wp-json\/wp\/v2\/types\/product"}],"replies":[{"embeddable":true,"href":"https:\/\/bazz.ca\/ca_FR\/wp-json\/wp\/v2\/comments?post=6305"}],"wp:featuredmedia":[{"embeddable":true,"href":"https:\/\/bazz.ca\/ca_FR\/wp-json\/wp\/v2\/media\/7537"}],"wp:attachment":[{"href":"https:\/\/bazz.ca\/ca_FR\/wp-json\/wp\/v2\/media?parent=6305"}],"wp:term":[{"taxonomy":"product_brand","embeddable":true,"href":"https:\/\/bazz.ca\/ca_FR\/wp-json\/wp\/v2\/product_brand?post=6305"},{"taxonomy":"product_cat","embeddable":true,"href":"https:\/\/bazz.ca\/ca_FR\/wp-json\/wp\/v2\/product_cat?post=6305"},{"taxonomy":"product_tag","embeddable":true,"href":"https:\/\/bazz.ca\/ca_FR\/wp-json\/wp\/v2\/product_tag?post=6305"}],"curies":[{"name":"wp","href":"https:\/\/api.w.org\/{rel}","templated":true}]}}