{"id":6288,"date":"2024-03-14T16:02:13","date_gmt":"2024-03-14T16:02:13","guid":{"rendered":"https:\/\/bazz.ca\/product\/bazz-disk-2-anti-reflet-640-lumens-3000k-pour-les-endroits-humides\/"},"modified":"2025-03-18T18:34:09","modified_gmt":"2025-03-18T18:34:09","slug":"bazz-disk-2-anti-reflet-640-lumens-3000k-pour-les-endroits-humides","status":"publish","type":"product","link":"https:\/\/bazz.ca\/ca_FR\/produit\/bazz-disk-2-anti-reflet-640-lumens-3000k-pour-les-endroits-humides\/","title":{"rendered":"BAZZ DISK 2&#8243; anti-reflet 640 lumens 3000K pour les endroits humides"},"content":{"rendered":"<p>Ce Downglight LED COB anti-reflet BAZZ DISK 2&#8243; 640 lumens 3000k est un luminaire encastr\u00e9 LED enti\u00e8rement int\u00e9gr\u00e9 et \u00e0 intensit\u00e9 variable (compatible avec la plupart des gradateurs). Plafond isol\u00e9 con\u00e7u pour un contact direct avec l&#8217;isolation. Pour toutes les applications int\u00e9rieures et ext\u00e9rieures. Convient aux endroits humides.<\/p>\n<ul>\n<li>adapt\u00e9 aux endroits humides<\/li>\n<li>int\u00e9rieur \/ ext\u00e9rieur<\/li>\n<li>Dur\u00e9e de vie de 30000 heures<\/li>\n<li>Dimmable<\/li>\n<li>Temp\u00e9rature de couleur : 3000 K (blanc doux)<\/li>\n<li>Pour les nouvelles constructions, la r\u00e9novation et les plafonds isol\u00e9s<\/li>\n<li>Installation facile<\/li>\n<\/ul>\n","protected":false},"excerpt":{"rendered":"<p>Ce Downglight LED COB anti-reflet BAZZ DISK 2&#8243; 640 lumens 3000k est un luminaire encastr\u00e9 LED enti\u00e8rement int\u00e9gr\u00e9 et \u00e0 intensit\u00e9 variable (compatible avec la plupart des variateurs).<\/p>\n","protected":false},"featured_media":8057,"comment_status":"open","ping_status":"closed","template":"","meta":{"_acf_changed":false},"product_brand":[],"product_cat":[474,365],"product_tag":[],"class_list":{"0":"post-6288","1":"product","2":"type-product","3":"status-publish","4":"has-post-thumbnail","6":"product_cat-3000k-ca_fr","7":"product_cat-luminaires-encastres-ca_fr","9":"first","10":"outofstock","11":"taxable","12":"shipping-taxable","13":"purchasable","14":"product-type-simple"},"acf":[],"_links":{"self":[{"href":"https:\/\/bazz.ca\/ca_FR\/wp-json\/wp\/v2\/product\/6288","targetHints":{"allow":["GET"]}}],"collection":[{"href":"https:\/\/bazz.ca\/ca_FR\/wp-json\/wp\/v2\/product"}],"about":[{"href":"https:\/\/bazz.ca\/ca_FR\/wp-json\/wp\/v2\/types\/product"}],"replies":[{"embeddable":true,"href":"https:\/\/bazz.ca\/ca_FR\/wp-json\/wp\/v2\/comments?post=6288"}],"wp:featuredmedia":[{"embeddable":true,"href":"https:\/\/bazz.ca\/ca_FR\/wp-json\/wp\/v2\/media\/8057"}],"wp:attachment":[{"href":"https:\/\/bazz.ca\/ca_FR\/wp-json\/wp\/v2\/media?parent=6288"}],"wp:term":[{"taxonomy":"product_brand","embeddable":true,"href":"https:\/\/bazz.ca\/ca_FR\/wp-json\/wp\/v2\/product_brand?post=6288"},{"taxonomy":"product_cat","embeddable":true,"href":"https:\/\/bazz.ca\/ca_FR\/wp-json\/wp\/v2\/product_cat?post=6288"},{"taxonomy":"product_tag","embeddable":true,"href":"https:\/\/bazz.ca\/ca_FR\/wp-json\/wp\/v2\/product_tag?post=6288"}],"curies":[{"name":"wp","href":"https:\/\/api.w.org\/{rel}","templated":true}]}}