{"id":3044,"date":"2022-11-17T16:01:30","date_gmt":"2022-11-17T16:01:30","guid":{"rendered":"https:\/\/bazz.ca\/ca_EN\/\/politique-de-confidentialite\/"},"modified":"2022-11-17T16:01:30","modified_gmt":"2022-11-17T16:01:30","slug":"politique-de-confidentialite","status":"publish","type":"page","link":"https:\/\/bazz.ca\/ca_FR\/politique-de-confidentialite\/","title":{"rendered":"Politique de confidentialit\u00e9 de Bazz"},"content":{"rendered":"\r\n<p><em>Politique en vigueur \u00e0 partir de mars 2019. Consultez les politiques pr\u00e9c\u00e9dentes ci-dessous.<\/em><\/p>\r\n\r\n\r\n\r\n<p><strong>BAZZ respecte votre vie priv\u00e9e<\/strong><\/p>\r\n\r\n\r\n\r\n<p>La pr\u00e9sente politique de confidentialit\u00e9 explique les types d&#8217;informations personnelles que nous collectons, utilisons et partageons. Elle d\u00e9crit \u00e9galement les mesures que nous prenons pour prot\u00e9ger ces informations.<\/p>\r\n<p>Les informations que vous nous communiquez sont utilis\u00e9es pour fournir, d\u00e9velopper et am\u00e9liorer les produits et services de BAZZ. Dans la pr\u00e9sente politique de confidentialit\u00e9, le terme &#8220;donn\u00e9es personnelles&#8221; d\u00e9signe les informations qui peuvent \u00eatre utilis\u00e9es pour identifier une personne. Nous collectons des donn\u00e9es personnelles et non personnelles pour permettre et garantir la meilleure exp\u00e9rience utilisateur possible.<\/p>\r\n\r\n\r\n\r\n<p><strong>1) Informations collect\u00e9es<\/strong><\/p>\r\n\r\n\r\n\r\n<p>Afin de fournir nos services, nous vous demandons de fournir les donn\u00e9es personnelles n\u00e9cessaires pour personnaliser votre exp\u00e9rience. Si vous ne fournissez pas vos donn\u00e9es personnelles, il se peut que nous ne soyons pas en mesure de vous offrir la meilleure exp\u00e9rience utilisateur.<\/p>\r\n<p><strong>Informations relatives au compte et aux contacts<\/strong>, telles que l&#8217;adresse \u00e9lectronique, le num\u00e9ro de t\u00e9l\u00e9phone portable et les donn\u00e9es de connexion. Les surnoms, les photos de profil, les pays et les fuseaux horaires seront \u00e9galement li\u00e9s \u00e0 votre compte.<\/p>\r\n<p><strong>Les informations techniques relatives \u00e0 l&#8217;appareil<\/strong>, telles que le mod\u00e8le de l&#8217;appareil, le syst\u00e8me d&#8217;exploitation, l&#8217;identifiant unique de l&#8217;appareil (adresse IP), la version du logiciel, le type d&#8217;acc\u00e8s, etc. sont collect\u00e9es afin que vous puissiez recevoir des notifications PUSH. Elles sont n\u00e9cessaires pour que vous puissiez contr\u00f4ler vos produits avec le logiciel d&#8217;application BAZZ.<\/p>\r\n<p><strong>Vid\u00e9o\/Audio<\/strong><br \/>Nos cam\u00e9ras sont con\u00e7ues pour vous permettre de voir, d&#8217;entendre et de parler \u00e0 n&#8217;importe qui \u00e0 partir de votre ordinateur ou de votre appareil mobile. Pour vous fournir ces services, nous obtenons du contenu (par le biais de canaux crypt\u00e9s) qui est captur\u00e9 et enregistr\u00e9 lors de l&#8217;utilisation de nos produits pour remplir leurs fonctions, telles que l&#8217;enregistrement vid\u00e9o ou audio.<\/p>\r\n<p><strong>Commentaires<\/strong> <br \/>Nous avons besoin de vos commentaires pour am\u00e9liorer nos produits et r\u00e9soudre les probl\u00e8mes.<\/p>\r\n<p><strong>Informations sur les infrarouges <\/strong><br \/>Les informations techniques relatives \u00e0 la t\u00e9l\u00e9commande infrarouge sont collect\u00e9es pour vous permettre de contr\u00f4ler d&#8217;autres \u00e9quipements infrarouges \u00e0 l&#8217;aide du logiciel d&#8217;application BAZZ.<\/p>\r\n<p><strong>Param\u00e8tres d&#8217;automatisation et de sc\u00e9nario<\/strong><br \/>Si vous utilisez cette option, nous recueillons des informations sur vos param\u00e8tres afin de pouvoir prendre en charge votre syst\u00e8me d&#8217;automatisation.<\/p>\r\n\r\n\r\n\r\n<p><strong>2) Comment nous utilisons l&#8217;information que nous collectons<\/strong><\/p>\r\n\r\n\r\n\r\n<p>Nous pouvons utiliser les informations personnelles ou non personnelles que nous recueillons pour<\/p>\r\n<ul>\r\n<li>fournir, d\u00e9velopper et am\u00e9liorer nos produits et services<\/li>\r\n<li>\u00e9tablir et g\u00e9rer votre compte et votre profil<\/li>\r\n<li>assurer la fonctionnalit\u00e9 et la s\u00e9curit\u00e9 de nos produits<\/li>\r\n<li>vous identifier et vous authentifier<\/li>\r\n<li>pr\u00e9venir et tracer les utilisations frauduleuses ou inappropri\u00e9es<\/li>\r\n<li>communiquer avec vous, notamment en vous envoyant des notifications sur les produits et services mis \u00e0 jour ou en cours de lancement<\/li>\r\n<li>fournir une assistance \u00e0 la client\u00e8le<\/li>\r\n<li>fournir du mat\u00e9riel marketing et promotionnel sur nos produits et services (veuillez noter que vous pouvez vous d\u00e9sabonner \u00e0 tout moment)<\/li>\r\n<li>personnaliser votre exp\u00e9rience avec des services adapt\u00e9s \u00e0 vos besoins<\/li>\r\n<li>mener des enqu\u00eates et des recherches sur nos produits et services<\/li>\r\n<li>respecter et faire respecter les exigences l\u00e9gales applicables, les normes et politiques sectorielles pertinentes (par exemple, le GDPR).<\/li>\r\n<\/ul>\r\n<!-- \/wp:post-content -->\r\n\r\n<!-- wp:paragraph -->\r\n<p><strong>3) Partage d&#8217;informations<\/strong><\/p>\r\n<!-- \/wp:paragraph -->\r\n\r\n<!-- wp:paragraph -->\r\n<p>Nous ne vendons ni ne partageons de quelque mani\u00e8re que ce soit les informations personnelles vous concernant, sauf dans les cas d\u00e9crits dans la pr\u00e9sente politique de protection de la vie priv\u00e9e. Vous trouverez ci-dessous les situations dans lesquelles nous sommes susceptibles de partager des informations personnelles (toujours dans le respect des obligations en mati\u00e8re de donn\u00e9es et de vie priv\u00e9e).<\/p>\r\n<ul>\r\n<li>Nous ne partagerons les informations personnelles qu&#8217;avec votre autorisation.<\/li>\r\n<li>Pour le traitement externe (par des tiers) : Nous avons des fournisseurs, des prestataires de services et des techniciens qui nous aident \u00e0 effectuer certaines op\u00e9rations de traitement et de stockage, etc. Nous n&#8217;autorisons pas nos fournisseurs de services \u00e0 utiliser ou \u00e0 divulguer vos informations personnelles, sauf si cela est n\u00e9cessaire pour fournir des services en notre nom ou pour se conformer \u00e0 des exigences l\u00e9gales.<\/li>\r\n<li>Pour des raisons juridiques : Nous partageons des informations personnelles avec des tiers si nous pensons de bonne foi que l&#8217;acc\u00e8s, l&#8217;utilisation, la conservation ou la divulgation de ces informations est raisonnablement n\u00e9cessaire pour (i) se conformer \u00e0 une loi, un r\u00e8glement, une proc\u00e9dure judiciaire ou une demande gouvernementale applicable ; (ii) faire respecter les politiques ou les contrats de BAZZ, y compris les enqu\u00eates sur les violations potentielles ; (iii) d\u00e9tecter, pr\u00e9venir ou traiter la fraude, la s\u00e9curit\u00e9 ou les probl\u00e8mes techniques ; et (iv) prot\u00e9ger les droits, la propri\u00e9t\u00e9 ou la s\u00e9curit\u00e9 de BAZZ, de ses utilisateurs ou du public, comme l&#8217;exige ou l&#8217;autorise la loi.<\/li>\r\n<li>Nous pouvons \u00eatre amen\u00e9s \u00e0 partager des informations non personnelles (par exemple, des donn\u00e9es clients agr\u00e9g\u00e9es ou anonymis\u00e9es) avec le public et nos partenaires. Nous prenons des mesures pour \u00e9viter que ces informations non personnelles ne soient li\u00e9es \u00e0 vous et nous demandons \u00e0 nos partenaires de faire de m\u00eame. Par exemple, lorsque vous cr\u00e9ez un compte BAZZ, t\u00e9l\u00e9chargez notre logiciel, participez \u00e0 des enqu\u00eates en ligne ou interagissez avec nous d&#8217;une autre mani\u00e8re, nous pouvons recueillir des donn\u00e9es non personnelles telles que les pr\u00e9f\u00e9rences linguistiques, les codes postaux, les codes r\u00e9gionaux, etc.<\/li>\r\n<\/ul>\r\n<p><strong>Votre Consentement<\/strong>: Sauf indication contraire dans la pr\u00e9sente Politique, nous ne partagerons vos informations personnelles avec des prestataires de services, des organisations ou des personnes ext\u00e9rieures \u00e0 BAZZ que lorsque nous aurons obtenu votre consentement \u00e0 cet effet.<\/p>\r\n<!-- \/wp:paragraph -->\r\n\r\n<!-- wp:paragraph -->\r\n<p><strong>4) Cl\u00f4ture d&#8217;un compte<\/strong><\/p>\r\n<!-- \/wp:paragraph -->\r\n\r\n<!-- wp:paragraph -->\r\n<p>BAZZ conserve g\u00e9n\u00e9ralement certaines informations personnelles sur ses serveurs jusqu&#8217;\u00e0 ce que vous les supprimiez ou les modifiiez, ou tant que vous restez client de BAZZ, afin de vous offrir la meilleure exp\u00e9rience d&#8217;utilisation possible. En outre, BAZZ peut conserver vos informations personnelles pour r\u00e9soudre des litiges, \u00e9tablir des d\u00e9fenses juridiques, effectuer des audits, poursuivre des objectifs commerciaux l\u00e9gitimes, faire respecter nos accords et se conformer aux lois en vigueur.<\/p>\r\n<p>Vous pouvez \u00e0 tout moment supprimer votre compte et toutes les informations qui s&#8217;y rapportent \u00e0 partir de votre appareil en utilisant l&#8217;application BAZZ: &#8220;Profil \/ Centre personnel \/ Fermer le compte&#8221;.<\/p>\r\n<!-- \/wp:paragraph -->\r\n\r\n<!-- wp:paragraph -->\r\n<p><strong>5) S\u00e9curit\u00e9 de vos informations<\/strong><\/p>\r\n<!-- \/wp:paragraph -->\r\n\r\n<!-- wp:paragraph -->\r\n<p>Nous utilisons des mesures de s\u00e9curit\u00e9 physiques, techniques et administratives commercialement raisonnables pour prot\u00e9ger la confidentialit\u00e9 et la s\u00e9curit\u00e9 de vos informations personnelles. Toutefois, \u00e9tant donn\u00e9 qu&#8217;Internet n&#8217;est pas un environnement s\u00fbr \u00e0 100 %, nous ne pouvons pas garantir la s\u00e9curit\u00e9 des informations que vous nous transmettez. Il n&#8217;existe aucune garantie que les informations ne puissent \u00eatre consult\u00e9es, divulgu\u00e9es, modifi\u00e9es ou d\u00e9truites en cas de violation de l&#8217;une de nos mesures de protection physiques, techniques ou manag\u00e9riales. Il vous incombe de prot\u00e9ger la s\u00e9curit\u00e9 de vos informations de connexion. Veuillez noter que les courriels et autres communications que vous nous envoyez par l&#8217;interm\u00e9diaire de notre site ne sont pas crypt\u00e9s, et nous vous conseillons vivement de ne pas communiquer d&#8217;informations confidentielles par ce biais.<\/p>\r\n<p>Note: Nous respectons les normes de l&#8217;industrie (par exemple, le GDPR) pour assurer la s\u00e9curit\u00e9 des informations lors de leur transmission sur votre r\u00e9seau domestique et sur Internet jusqu&#8217;\u00e0 nos serveurs. En r\u00e8gle g\u00e9n\u00e9rale, BAZZ est le responsable du traitement des informations collect\u00e9es dans le cadre de ses produits et services. Cependant, dans certains cas, tels que les vid\u00e9os\/images, vous contr\u00f4lez ces donn\u00e9es et BAZZ les traite.<\/p>\r\n<!-- \/wp:paragraph -->\r\n\r\n<!-- wp:paragraph -->\r\n<p><strong>6) Politique \u00e0 l&#8217;\u00e9gard des mineurs<\/strong><\/p>\r\n<!-- \/wp:paragraph -->\r\n\r\n<!-- wp:paragraph -->\r\n<p>Seules les personnes \u00e2g\u00e9es de 18 ans et plus sont autoris\u00e9es \u00e0 poss\u00e9der un compte BAZZ. Les utilisateurs autoris\u00e9s doivent avoir plus de 13 ans (ou un \u00e2ge minimum \u00e9quivalent dans la juridiction o\u00f9 ils r\u00e9sident) et peuvent utiliser les produits et services sous la supervision d&#8217;un parent ou d&#8217;un tuteur l\u00e9gal et seulement s&#8217;ils acceptent d&#8217;\u00eatre li\u00e9s par les pr\u00e9sentes Conditions G\u00e9n\u00e9rales d&#8217;Utilisation en votre nom. Les produits et services de BAZZ ne collectent ni ne conservent sciemment des informations personnelles concernant des personnes \u00e2g\u00e9es de moins de 13 ans.<\/p>\r\n<!-- \/wp:paragraph -->\r\n\r\n<!-- wp:paragraph -->\r\n<p><strong>7) Modifications de notre politique de confidentialit\u00e9<\/strong><\/p>\r\n<!-- \/wp:paragraph -->\r\n\r\n<!-- wp:paragraph -->\r\n<p>Notre politique de protection de la vie priv\u00e9e peut \u00eatre modifi\u00e9e de temps \u00e0 autre. Nous ne r\u00e9duirons pas vos droits en vertu de la pr\u00e9sente politique de confidentialit\u00e9 sans votre consentement, conform\u00e9ment \u00e0 la l\u00e9gislation applicable. Nous publierons les modifications de la politique de confidentialit\u00e9 sur cette page et, si les modifications sont importantes, nous fournirons un avis plus visible si nous le jugeons appropri\u00e9. Nous conserverons \u00e9galement les versions ant\u00e9rieures de la pr\u00e9sente politique de confidentialit\u00e9 dans une archive afin que vous puissiez les consulter.<\/p>\r\n<!-- \/wp:paragraph -->\r\n\r\n<!-- wp:paragraph -->\r\n<p><strong>8) Questions et comment nous contacter <\/strong><\/p>\r\n<p>Si vous avez des questions, des pr\u00e9occupations, des plaintes ou des suggestions concernant notre politique de protection de la vie priv\u00e9e, ou si vous souhaitez nous contacter, veuillez nous contacter par courrier \u00e9lectronique \u00e0 l&#8217;adresse suivante: <a href=\"mailto:smartservice@bazz.ca\">service@bazz.ca<\/a><\/p>\r\n<!-- \/wp:paragraph -->\r\n\r\n<!-- wp:paragraph -->\r\n<p>&nbsp;<\/p>\r\n<!-- \/wp:paragraph -->","protected":false},"excerpt":{"rendered":"<p>Politique en vigueur \u00e0 partir de mars 2019. Consultez les politiques pr\u00e9c\u00e9dentes ci-dessous. BAZZ respecte votre vie priv\u00e9e La pr\u00e9sente politique de confidentialit\u00e9 explique les types d&#8217;informations personnelles que nous [&hellip;]<\/p>\n","protected":false},"author":1,"featured_media":0,"parent":0,"menu_order":12,"comment_status":"closed","ping_status":"closed","template":"","meta":{"_acf_changed":false,"footnotes":""},"class_list":["post-3044","page","type-page","status-publish","hentry"],"acf":[],"_links":{"self":[{"href":"https:\/\/bazz.ca\/ca_FR\/wp-json\/wp\/v2\/pages\/3044","targetHints":{"allow":["GET"]}}],"collection":[{"href":"https:\/\/bazz.ca\/ca_FR\/wp-json\/wp\/v2\/pages"}],"about":[{"href":"https:\/\/bazz.ca\/ca_FR\/wp-json\/wp\/v2\/types\/page"}],"author":[{"embeddable":true,"href":"https:\/\/bazz.ca\/ca_FR\/wp-json\/wp\/v2\/users\/1"}],"replies":[{"embeddable":true,"href":"https:\/\/bazz.ca\/ca_FR\/wp-json\/wp\/v2\/comments?post=3044"}],"version-history":[{"count":0,"href":"https:\/\/bazz.ca\/ca_FR\/wp-json\/wp\/v2\/pages\/3044\/revisions"}],"wp:attachment":[{"href":"https:\/\/bazz.ca\/ca_FR\/wp-json\/wp\/v2\/media?parent=3044"}],"curies":[{"name":"wp","href":"https:\/\/api.w.org\/{rel}","templated":true}]}}