{"id":3036,"date":"2022-11-17T16:17:57","date_gmt":"2022-11-17T16:17:57","guid":{"rendered":"https:\/\/bazz.ca\/ca_EN\/\/faq\/"},"modified":"2025-01-20T20:13:40","modified_gmt":"2025-01-20T20:13:40","slug":"faq","status":"publish","type":"page","link":"https:\/\/bazz.ca\/ca_FR\/faq\/","title":{"rendered":"Foire Aux Questions"},"content":{"rendered":"\r\n<h2 class=\"wp-block-heading\">Une question ?<br \/>Besoin de quelque chose ?<\/h2>\r\n\r\n\r\n\r\n<p>Si vous souhaitez obtenir des informations sur un produit, veuillez saisir son nom ou sa r\u00e9f\u00e9rence dans la barre de recherche situ\u00e9e en haut de la page.<\/p>\r\n<p>Si vous recherchez des informations g\u00e9n\u00e9rales sur BAZZ ou sur l&#8217;un de nos services, vous \u00eates au bon endroit.<\/p>\r\n","protected":false},"excerpt":{"rendered":"<p>Une question ?Besoin de quelque chose ? Si vous souhaitez obtenir des informations sur un produit, veuillez saisir son nom ou sa r\u00e9f\u00e9rence dans la barre de recherche situ\u00e9e en [&hellip;]<\/p>\n","protected":false},"author":1,"featured_media":0,"parent":0,"menu_order":4,"comment_status":"closed","ping_status":"closed","template":"page-templates\/template-faq.php","meta":{"_acf_changed":false,"footnotes":""},"class_list":["post-3036","page","type-page","status-publish","hentry"],"acf":[],"_links":{"self":[{"href":"https:\/\/bazz.ca\/ca_FR\/wp-json\/wp\/v2\/pages\/3036","targetHints":{"allow":["GET"]}}],"collection":[{"href":"https:\/\/bazz.ca\/ca_FR\/wp-json\/wp\/v2\/pages"}],"about":[{"href":"https:\/\/bazz.ca\/ca_FR\/wp-json\/wp\/v2\/types\/page"}],"author":[{"embeddable":true,"href":"https:\/\/bazz.ca\/ca_FR\/wp-json\/wp\/v2\/users\/1"}],"replies":[{"embeddable":true,"href":"https:\/\/bazz.ca\/ca_FR\/wp-json\/wp\/v2\/comments?post=3036"}],"version-history":[{"count":3,"href":"https:\/\/bazz.ca\/ca_FR\/wp-json\/wp\/v2\/pages\/3036\/revisions"}],"predecessor-version":[{"id":7260,"href":"https:\/\/bazz.ca\/ca_FR\/wp-json\/wp\/v2\/pages\/3036\/revisions\/7260"}],"wp:attachment":[{"href":"https:\/\/bazz.ca\/ca_FR\/wp-json\/wp\/v2\/media?parent=3036"}],"curies":[{"name":"wp","href":"https:\/\/api.w.org\/{rel}","templated":true}]}}