{"id":3034,"date":"2022-11-17T16:18:13","date_gmt":"2022-11-17T16:18:13","guid":{"rendered":"https:\/\/bazz.ca\/ca_EN\/\/expedition-livraison\/"},"modified":"2024-10-15T14:23:19","modified_gmt":"2024-10-15T14:23:19","slug":"expedition-livraison","status":"publish","type":"page","link":"https:\/\/bazz.ca\/ca_FR\/expedition-livraison\/","title":{"rendered":"Exp\u00e9dition et livraison"},"content":{"rendered":"\r\n<p>Pour retourner votre produit, demandez d&#8217;abord un num\u00e9ro d&#8217;autorisation # \u00e0 service@bazz.ca. Vous devez envoyer votre produit par la poste \u00e0: Bazz, 2463 Rue Guenette, Ville St-Laurent QC H4R 2E9, Canada.<\/p>\r\n<p>Vous devrez payer vos propres frais d&#8217;exp\u00e9dition pour le retour de votre produit. Les frais de retour ne sont pas remboursables.<\/p>\r\n<p><em>* La livraison gratuite ne s&#8217;applique pas \u00e0 l&#8217;Alaska, \u00e0 Hawa\u00ef et \u00e0 d&#8217;autres endroits sp\u00e9cifi\u00e9s aux \u00c9tats-Unis d&#8217;Am\u00e9rique.<\/em><\/p>\r\n<p>Le d\u00e9lai d&#8217;acheminement du produit \u00e9chang\u00e9 peut varier en fonction de votre lieu de r\u00e9sidence.<\/p>\r\n\r\n\r\n\r\n<h2 class=\"wp-block-heading\">Besoin d&#8217;aide?<\/h2>\r\n\r\n\r\n\r\n<p><a href=\"https:\/\/bazz.ca\/ca_EN\/\/fr\/nous-contacter\/\">Contactez-nous<\/a> pour toute question en lien avec l&#8217;exp\u00e9dition et la livraison.<\/p>\r\n","protected":false},"excerpt":{"rendered":"<p>Pour retourner votre produit, demandez d&#8217;abord un num\u00e9ro d&#8217;autorisation # \u00e0 service@bazz.ca. Vous devez envoyer votre produit par la poste \u00e0: Bazz, 2463 Rue Guenette, Ville St-Laurent QC H4R 2E9, [&hellip;]<\/p>\n","protected":false},"author":1,"featured_media":0,"parent":0,"menu_order":9,"comment_status":"closed","ping_status":"closed","template":"","meta":{"_acf_changed":false,"footnotes":""},"class_list":["post-3034","page","type-page","status-publish","hentry"],"acf":[],"_links":{"self":[{"href":"https:\/\/bazz.ca\/ca_FR\/wp-json\/wp\/v2\/pages\/3034","targetHints":{"allow":["GET"]}}],"collection":[{"href":"https:\/\/bazz.ca\/ca_FR\/wp-json\/wp\/v2\/pages"}],"about":[{"href":"https:\/\/bazz.ca\/ca_FR\/wp-json\/wp\/v2\/types\/page"}],"author":[{"embeddable":true,"href":"https:\/\/bazz.ca\/ca_FR\/wp-json\/wp\/v2\/users\/1"}],"replies":[{"embeddable":true,"href":"https:\/\/bazz.ca\/ca_FR\/wp-json\/wp\/v2\/comments?post=3034"}],"version-history":[{"count":0,"href":"https:\/\/bazz.ca\/ca_FR\/wp-json\/wp\/v2\/pages\/3034\/revisions"}],"wp:attachment":[{"href":"https:\/\/bazz.ca\/ca_FR\/wp-json\/wp\/v2\/media?parent=3034"}],"curies":[{"name":"wp","href":"https:\/\/api.w.org\/{rel}","templated":true}]}}