{"id":3033,"date":"2022-11-17T16:18:28","date_gmt":"2022-11-17T16:18:28","guid":{"rendered":"https:\/\/bazz.ca\/ca_EN\/\/paiement-financement\/"},"modified":"2022-11-17T16:18:28","modified_gmt":"2022-11-17T16:18:28","slug":"paiement-financement","status":"publish","type":"page","link":"https:\/\/bazz.ca\/ca_FR\/paiement-financement\/","title":{"rendered":"Paiement et financement"},"content":{"rendered":"\r\n<h2 class=\"wp-block-heading\">Avis de non-responsabilit\u00e9<\/h2>\r\n\r\n\r\n\r\n<p>Veuillez noter que les commandes exp\u00e9di\u00e9es en dehors du Canada peuvent \u00eatre soumises \u00e0 des taxes \u00e0 l&#8217;importation, des droits de douane et des frais pr\u00e9lev\u00e9s par le pays de destination. Les frais suppl\u00e9mentaires de d\u00e9douanement sont \u00e0 la charge du destinataire; nous n&#8217;avons aucun contr\u00f4le sur ces frais et ne pouvons pas les pr\u00e9voir. Lorsque des proc\u00e9dures de d\u00e9douanement sont n\u00e9cessaires, elles peuvent entra\u00eener des retards par rapport \u00e0 nos estimations de livraison initiales.<\/p>\r\n<p>Note: Les envois transfrontaliers sont soumis \u00e0 l&#8217;ouverture et \u00e0 l&#8217;inspection des autorit\u00e9s douani\u00e8res. Nous pouvons fournir certaines informations sur les commandes, les exp\u00e9ditions et les produits, telles que les titres, \u00e0 nos transporteurs internationaux. Ces informations peuvent \u00eatre communiqu\u00e9es par les transporteurs aux autorit\u00e9s douani\u00e8res afin de faciliter le d\u00e9douanement et de se conformer aux lois locales.<\/p>\r\n\r\n\r\n\r\n<h2 class=\"wp-block-heading\">Besoin d&#8217;aide?<\/h2>\r\n\r\n\r\n\r\n<p>Si vous avez des questions en lien avec le paiement et le financement, veuillez <a href=\"https:\/\/bazz.ca\/ca_EN\/\/fr\/nous-contacter\/\">nous contacter<\/a>.<\/p>\r\n","protected":false},"excerpt":{"rendered":"<p>Avis de non-responsabilit\u00e9 Veuillez noter que les commandes exp\u00e9di\u00e9es en dehors du Canada peuvent \u00eatre soumises \u00e0 des taxes \u00e0 l&#8217;importation, des droits de douane et des frais pr\u00e9lev\u00e9s par [&hellip;]<\/p>\n","protected":false},"author":1,"featured_media":0,"parent":0,"menu_order":10,"comment_status":"closed","ping_status":"closed","template":"","meta":{"_acf_changed":false,"footnotes":""},"class_list":["post-3033","page","type-page","status-publish","hentry"],"acf":[],"_links":{"self":[{"href":"https:\/\/bazz.ca\/ca_FR\/wp-json\/wp\/v2\/pages\/3033","targetHints":{"allow":["GET"]}}],"collection":[{"href":"https:\/\/bazz.ca\/ca_FR\/wp-json\/wp\/v2\/pages"}],"about":[{"href":"https:\/\/bazz.ca\/ca_FR\/wp-json\/wp\/v2\/types\/page"}],"author":[{"embeddable":true,"href":"https:\/\/bazz.ca\/ca_FR\/wp-json\/wp\/v2\/users\/1"}],"replies":[{"embeddable":true,"href":"https:\/\/bazz.ca\/ca_FR\/wp-json\/wp\/v2\/comments?post=3033"}],"version-history":[{"count":0,"href":"https:\/\/bazz.ca\/ca_FR\/wp-json\/wp\/v2\/pages\/3033\/revisions"}],"wp:attachment":[{"href":"https:\/\/bazz.ca\/ca_FR\/wp-json\/wp\/v2\/media?parent=3033"}],"curies":[{"name":"wp","href":"https:\/\/api.w.org\/{rel}","templated":true}]}}